{"id":885,"date":"2012-03-14T09:08:37","date_gmt":"2012-03-14T09:08:37","guid":{"rendered":"http:\/\/www.pu-bw.de\/impressum-2\/"},"modified":"2018-06-04T14:14:07","modified_gmt":"2018-06-04T14:14:07","slug":"impressum","status":"publish","type":"page","link":"https:\/\/www.pu-bw.de\/en\/impressum\/","title":{"rendered":"Impressum"},"content":{"rendered":"<h2>Angaben gem\u00e4\u00df \u00a7 5 TMG:<\/h2>\n<p>Plattform Umwelttechnik e.V.<br \/>\nGerhard- Koch- Stra\u00dfe 2- 4<br \/>\n73760 Ostfildern<\/p>\n<h3>Vertreten durch:<\/h3>\n<p><strong>Vorsitzender<\/strong><\/p>\n<p>Michael Auer<\/p>\n<p><strong>Stellvertretender Vorsitzender<\/strong><\/p>\n<p>Prof. Dr. Uwe Menzel<\/p>\n<p><strong>Vertretungsberechtigter Gesch\u00e4ftsf\u00fchrer<\/strong><\/p>\n<p>Senator E.h. Wolfgang Wolf<\/p>\n<h2>Kontakt:<\/h2>\n<p>Telefon:\u00a0(0711) 32 73 25 &#8211; 33<br \/>\nTelefax:\u00a0(0711) 32 73 25 &#8211; 69<br \/>\nE-Mail:\u00a0<a href=\"mailto:pu@lvi.de\">pu@lvi.de<\/a><\/p>\n<h2><strong>Registereintrag:<\/strong><\/h2>\n<p>VR 1834, Amtsgericht Esslingen<\/p>\n<h2><strong>F\u00f6rderung:<\/strong><\/h2>\n<p>Die PU wird vom Ministerium f\u00fcr Finanzen und Wirtschaft des Landes Baden-W\u00fcrttemberg mit Mitteln des Europ\u00e4ischen Fonds f\u00fcr regionale Entwicklung (EFRE) gef\u00f6rdert.<br \/>\nWeiterf\u00fchrende Informationen unter <a href=\"http:\/\/www.rwb-efre.baden-wuerttemberg.de\/\" target=\"_blank\">www.rwb-efre.baden-wuerttemberg.de<\/a><\/p>\n<p><a href=\"https:\/\/www.pu-bw.de\/impressum\/attachment\/logo-2\/\" rel=\"attachment wp-att-818\"><img decoding=\"async\" loading=\"lazy\" class=\"alignleft size-full wp-image-818\" alt=\"logo\" src=\"https:\/\/www.pu-bw.de\/wp-content\/uploads\/2012\/03\/logo1.png\" width=\"600\" height=\"73\" srcset=\"https:\/\/www.pu-bw.de\/wp-content\/uploads\/2012\/03\/logo1.png 600w, https:\/\/www.pu-bw.de\/wp-content\/uploads\/2012\/03\/logo1-300x36.png 300w, https:\/\/www.pu-bw.de\/wp-content\/uploads\/2012\/03\/logo1-280x34.png 280w\" sizes=\"(max-width: 600px) 100vw, 600px\" \/><\/a><\/p>\n<h2><\/h2>\n<h2><\/h2>\n<h2><strong>Haftung:<\/strong><\/h2>\n<p>Eine Gew\u00e4hr f\u00fcr Richtigkeit, Vollst\u00e4ndigkeit und Aktualit\u00e4t der in diesem Internetangebot bereitgestellten Informationen kann nicht \u00fcbernommen werden. Das Internetangebot der PU enth\u00e4lt Links und Banner, die auf Internetseiten anderer Anbieter verweisen. Wenn Querverweisen und Links gefolgt wird, verlassen Sie das eigene Angebot der PU. Die PU \u00fcbernimmt keine Verantwortung f\u00fcr die Richtigkeit auf Seiten Dritter bereitgestellter Informationen.<\/p>\n<h2><strong>Urheberrecht<\/strong><\/h2>\n<p>Die durch die Seitenbetreiber erstellten Inhalte und Werke auf diesen Seiten unterliegen dem deutschen Urheberrecht. Die Vervielf\u00e4ltigung, Bearbeitung, Verbreitung und jede Art der Verwertung au\u00dferhalb der Grenzen des Urheberrechtes bed\u00fcrfen der schriftlichen Zustimmung des jeweiligen Autors bzw. Erstellers. Downloads und Kopien dieser Seite sind nur f\u00fcr den privaten, nicht kommerziellen Gebrauch gestattet. Soweit die Inhalte auf dieser Seite nicht vom Betreiber erstellt wurden, werden die Urheberrechte Dritter beachtet. Insbesondere werden Inhalte Dritter als solche gekennzeichnet. Sollten Sie trotzdem auf eine Urheberrechtsverletzung aufmerksam werden, bitten wir um einen entsprechenden Hinweis. Bei Bekanntwerden von Rechtsverletzungen werden wir derartige Inhalte umgehend entfernen.<\/p>\n<h2><strong>Datenschutz<\/strong><\/h2>\n<p>Die PU als Betreiber dieses Internetangebotes nimmt den Schutz der personenbezogenen Daten von Nutzern und Interessenten ernst. Wir beachten die Vorschriften des Telemediengesetzes und des Bundesdatenschutzgesetzes. Unter dem Grundsatz von Datenvermeidung und Datensparsamkeit erheben, nutzen und verarbeiten wir personenbezogene Daten nur soweit f\u00fcr die Nutzung dieses Angebotes n\u00f6tig.<\/p>\n","protected":false},"excerpt":{"rendered":"<p>Angaben gem\u00e4\u00df \u00a7 5 TMG: Plattform Umwelttechnik e.V. Gerhard- Koch- Stra\u00dfe 2- 4 73760 Ostfildern Vertreten durch: Vorsitzender Michael Auer Stellvertretender Vorsitzender Prof. Dr. Uwe Menzel Vertretungsberechtigter Gesch\u00e4ftsf\u00fchrer Senator E.h. Wolfgang Wolf Kontakt: Telefon:\u00a0(0711) 32 73 25 &#8211; 33 Telefax:\u00a0(0711) 32 73 25 &#8211; 69 E-Mail:\u00a0pu@lvi.de Registereintrag: VR 1834, Amtsgericht Esslingen F\u00f6rderung: Die PU wird [&hellip;]<\/p>\n","protected":false},"author":2,"featured_media":0,"parent":0,"menu_order":28,"comment_status":"open","ping_status":"open","template":"","meta":{"footnotes":""},"acf":[],"_links":{"self":[{"href":"https:\/\/www.pu-bw.de\/en\/wp-json\/wp\/v2\/pages\/885"}],"collection":[{"href":"https:\/\/www.pu-bw.de\/en\/wp-json\/wp\/v2\/pages"}],"about":[{"href":"https:\/\/www.pu-bw.de\/en\/wp-json\/wp\/v2\/types\/page"}],"author":[{"embeddable":true,"href":"https:\/\/www.pu-bw.de\/en\/wp-json\/wp\/v2\/users\/2"}],"replies":[{"embeddable":true,"href":"https:\/\/www.pu-bw.de\/en\/wp-json\/wp\/v2\/comments?post=885"}],"version-history":[{"count":2,"href":"https:\/\/www.pu-bw.de\/en\/wp-json\/wp\/v2\/pages\/885\/revisions"}],"predecessor-version":[{"id":1368,"href":"https:\/\/www.pu-bw.de\/en\/wp-json\/wp\/v2\/pages\/885\/revisions\/1368"}],"wp:attachment":[{"href":"https:\/\/www.pu-bw.de\/en\/wp-json\/wp\/v2\/media?parent=885"}],"curies":[{"name":"wp","href":"https:\/\/api.w.org\/{rel}","templated":true}]}}