{"id":1607,"date":"2014-01-22T13:57:45","date_gmt":"2014-01-22T13:57:45","guid":{"rendered":"http:\/\/www.pu-bw.de\/members\/mitglied-werden\/"},"modified":"2014-04-14T07:47:13","modified_gmt":"2014-04-14T07:47:13","slug":"mitglied-werden","status":"publish","type":"page","link":"https:\/\/www.pu-bw.de\/en\/members\/mitglied-werden\/","title":{"rendered":"Become a member"},"content":{"rendered":"<h2>Wie werde ich Mitglied?<\/h2>\n<p>Die Mitgliedschaft in der Plattform Umwelttechnik ist freiwillig.<\/p>\n<p>Der Beitritt erfolgt durch schriftliche Erkl\u00e4rung an den Vorstand. \u00dcber die Aufnahme entscheidet der Vorstand mit einfacher Stimmenmehrheit.<br \/>\nNachfolgend finden Sie den Mitgliedsantrag, die Beitragsordnung sowie die Satzung.<\/p>\n<ul>\n<li><a href=\"\/wp-content\/uploads\/2014\/01\/Mitgliedsantrag_PUeV_2013.pdf\" target=\"_blank\">Mitgliedsantrag (PDF)<\/a><\/li>\n<li><a href=\"\/wp-content\/uploads\/2014\/01\/Beitragsordnung_PUeV_2013.pdf\" target=\"_blank\">Beitragsordnung (PDF)<\/a><\/li>\n<li><a href=\"\/wp-content\/uploads\/2014\/01\/Satzung_PUeV.pdf\" target=\"_blank\">Satzung (PDF)<\/a><\/li>\n<\/ul>\n<p>Sie haben Fragen? Bitte nehmen Sie <a href=\"https:\/\/www.pu-bw.de\/en\/contact\/\">Kontakt<\/a> mit uns auf.<\/p>\n<p>F\u00fcr die Mitgliedsbeitr\u00e4ge f\u00fcr <strong>Start-Up Unternehmen<\/strong> kontaktieren Sie bitte das <a href=\"https:\/\/www.pu-bw.de\/profil\/clustermanagement\/\">Clustermanagement<\/a>.<\/p>\n","protected":false},"excerpt":{"rendered":"<p>Wie werde ich Mitglied? Die Mitgliedschaft in der Plattform Umwelttechnik ist freiwillig. Der Beitritt erfolgt durch schriftliche Erkl\u00e4rung an den Vorstand. \u00dcber die Aufnahme entscheidet der Vorstand mit einfacher Stimmenmehrheit. Nachfolgend finden Sie den Mitgliedsantrag, die Beitragsordnung sowie die Satzung. Mitgliedsantrag (PDF) Beitragsordnung (PDF) Satzung (PDF) Sie haben Fragen? Bitte nehmen Sie Kontakt mit uns [&hellip;]<\/p>\n","protected":false},"author":3,"featured_media":0,"parent":681,"menu_order":0,"comment_status":"open","ping_status":"closed","template":"","meta":{"footnotes":""},"acf":[],"_links":{"self":[{"href":"https:\/\/www.pu-bw.de\/en\/wp-json\/wp\/v2\/pages\/1607"}],"collection":[{"href":"https:\/\/www.pu-bw.de\/en\/wp-json\/wp\/v2\/pages"}],"about":[{"href":"https:\/\/www.pu-bw.de\/en\/wp-json\/wp\/v2\/types\/page"}],"author":[{"embeddable":true,"href":"https:\/\/www.pu-bw.de\/en\/wp-json\/wp\/v2\/users\/3"}],"replies":[{"embeddable":true,"href":"https:\/\/www.pu-bw.de\/en\/wp-json\/wp\/v2\/comments?post=1607"}],"version-history":[{"count":1,"href":"https:\/\/www.pu-bw.de\/en\/wp-json\/wp\/v2\/pages\/1607\/revisions"}],"predecessor-version":[{"id":1608,"href":"https:\/\/www.pu-bw.de\/en\/wp-json\/wp\/v2\/pages\/1607\/revisions\/1608"}],"up":[{"embeddable":true,"href":"https:\/\/www.pu-bw.de\/en\/wp-json\/wp\/v2\/pages\/681"}],"wp:attachment":[{"href":"https:\/\/www.pu-bw.de\/en\/wp-json\/wp\/v2\/media?parent=1607"}],"curies":[{"name":"wp","href":"https:\/\/api.w.org\/{rel}","templated":true}]}}